{"id":769,"date":"2016-10-12T17:00:08","date_gmt":"2016-10-12T17:00:08","guid":{"rendered":"http:\/\/www.niktoris.es\/?page_id=769"},"modified":"2023-10-28T23:47:44","modified_gmt":"2023-10-28T21:47:44","slug":"evolucion-de-la-vivienda","status":"publish","type":"page","link":"https:\/\/niktoris.es\/?page_id=769","title":{"rendered":"Evoluci\u00f3n de la vivienda"},"content":{"rendered":"<h4 style=\"text-align: center;\">1,7 MILLONES DE A\u00d1OS CUEVAS<\/h4>\n<p><img loading=\"lazy\" decoding=\"async\" class=\"aligncenter\" src=\"http:\/\/turismoruralfito.com\/wp-content\/uploads\/2015\/06\/Pinturas-rupestres-cueva-El-Chufin.jpg\" alt=\"Resultado de imagen de cuevas prehistoricas\" width=\"448\" height=\"280\" \/><\/p>\n<h4 style=\"text-align: center;\">18.000 a.c TIENDA CON PIELES<\/h4>\n<p><img loading=\"lazy\" decoding=\"async\" class=\"aligncenter\" src=\"http:\/\/www.archez.com\/bitacora\/tienda1.jpg\" alt=\"Resultado de imagen de tiendas de piel prehistoria\" width=\"448\" height=\"345\" \/><\/p>\n<h4 style=\"text-align: center;\">17.000 a.c CHOZAS DE MADERA<\/h4>\n<p><img loading=\"lazy\" decoding=\"async\" class=\"aligncenter\" src=\"http:\/\/2.bp.blogspot.com\/-DPWlruG4jZw\/T6Iiz1cjENI\/AAAAAAAACnI\/eNQgKvslgH4\/s1600\/Caba%C3%B1a+Prehistorica.jpg\" alt=\"Resultado de imagen de chozas de madera en la prehistoria\" width=\"456\" height=\"332\" \/><\/p>\n<h4 style=\"text-align: center;\"><span style=\"color: #000000;\"><strong>10.000 a.c CASAS DE ADOBE<\/strong><\/span><\/h4>\n<p><img loading=\"lazy\" decoding=\"async\" class=\"aligncenter\" src=\"http:\/\/1.bp.blogspot.com\/--NUXJII31XM\/U_eF5ExdBxI\/AAAAAAAAA38\/x71j8Q8psgY\/s1600\/Aldeas-Neolitico.jpg\" alt=\"Resultado de imagen de neolitico casas de adobe\" width=\"451\" height=\"281\" \/><\/p>\n<h4 style=\"text-align: center;\"><span style=\"color: #000000;\"><strong>1.500 a.c CASAS GRIEGAS<\/strong><\/span><\/h4>\n<p><img loading=\"lazy\" decoding=\"async\" class=\"aligncenter\" src=\"https:\/\/pbs.twimg.com\/media\/EHl2CUbX0AE_KBQ.jpg\" alt=\"Esto es Argos! on Twitter: &amp;quot;\u00bfC\u00f3mo eran las casas griegas en \u00e9poca cl\u00e1sica? \u00bfEran c\u00f3modas? \u00bfContaban con los servicios b\u00e1sicos? \u00bfTen\u00edan ba\u00f1o o cocina? Ve\u00e1moslo juntos en este breve hilo sobre las\" width=\"782\" height=\"296\" \/><\/p>\n<p style=\"text-align: center;\"><strong>753 a.c\u00a0 DOMUS ROMANA<\/strong><\/p>\n<p><img decoding=\"async\" class=\"aligncenter\" src=\"https:\/\/latunicadeneso.files.wordpress.com\/2014\/12\/complutum-casa-de-los-grifos.jpg\" alt=\"domus romana | La t\u00fanica de Neso | P\u00e1gina 5\" \/><\/p>\n","protected":false},"excerpt":{"rendered":"<p>1,7 MILLONES DE A\u00d1OS CUEVAS 18.000 a.c TIENDA CON PIELES 17.000 a.c CHOZAS DE MADERA 10.000 a.c CASAS DE ADOBE 1.500 a.c CASAS GRIEGAS 753 a.c\u00a0 DOMUS ROMANA<\/p>\n","protected":false},"author":1,"featured_media":0,"parent":0,"menu_order":0,"comment_status":"open","ping_status":"open","template":"","meta":{"footnotes":""},"class_list":["post-769","page","type-page","status-publish","hentry"],"_links":{"self":[{"href":"https:\/\/niktoris.es\/index.php?rest_route=\/wp\/v2\/pages\/769","targetHints":{"allow":["GET"]}}],"collection":[{"href":"https:\/\/niktoris.es\/index.php?rest_route=\/wp\/v2\/pages"}],"about":[{"href":"https:\/\/niktoris.es\/index.php?rest_route=\/wp\/v2\/types\/page"}],"author":[{"embeddable":true,"href":"https:\/\/niktoris.es\/index.php?rest_route=\/wp\/v2\/users\/1"}],"replies":[{"embeddable":true,"href":"https:\/\/niktoris.es\/index.php?rest_route=%2Fwp%2Fv2%2Fcomments&post=769"}],"version-history":[{"count":7,"href":"https:\/\/niktoris.es\/index.php?rest_route=\/wp\/v2\/pages\/769\/revisions"}],"predecessor-version":[{"id":2041,"href":"https:\/\/niktoris.es\/index.php?rest_route=\/wp\/v2\/pages\/769\/revisions\/2041"}],"wp:attachment":[{"href":"https:\/\/niktoris.es\/index.php?rest_route=%2Fwp%2Fv2%2Fmedia&parent=769"}],"curies":[{"name":"wp","href":"https:\/\/api.w.org\/{rel}","templated":true}]}}