{"id":719,"date":"2016-07-07T15:41:10","date_gmt":"2016-07-07T15:41:10","guid":{"rendered":"http:\/\/www.niktoris.es\/?page_id=719"},"modified":"2023-10-28T23:51:53","modified_gmt":"2023-10-28T21:51:53","slug":"musica","status":"publish","type":"page","link":"https:\/\/niktoris.es\/?page_id=719","title":{"rendered":"M\u00fasica"},"content":{"rendered":"<h2><span style=\"text-decoration: underline;\">50.000 a.c<\/span><\/h2>\n<p><img loading=\"lazy\" decoding=\"async\" class=\"aligncenter\" src=\"https:\/\/1.bp.blogspot.com\/-RKUA8kq_YVc\/V_5KrmIKPeI\/AAAAAAAAAgw\/LDhrGI7L0WEmg_ahb60KPkfgF1Rbri0ZQCLcB\/s1600\/FLUTES%255B1%255D.jpg\" alt=\"Resultado de imagen de M\u00c3\u009aSICA EN LA PREHISTORIA\" width=\"375\" height=\"210\" \/><\/p>\n<p>Se tiene constancia que los hombres prehistoricos comenzaron a comunicarse entre ellos con una forma muy primitiva de la m\u00fasica , a trav\u00e9s de la voz y instrumentos de percusi\u00f3n como palos , huesos y piedras. Estas canciones o himnos, estaban asociados\u00a0 a rituales m\u00edsticos o funerarios.Las evidencias son pocas, pero las existentes parecen indicar, la existencia de ciertos \u00abinstrumentos musicales\u00bb ya en la Prehistoria. No hay m\u00e1s que ver los ritmos que en canciones y bailes, poseen pr\u00e1cticamente todos los pueblos que hasta nuestros d\u00edas, han conservado un modo de vida, muy parecido al de nuestros antepasados. Los raspadores son un ejemplo de ello, se trata de lo m\u00e1s b\u00e1sico a la hora de producir sonidos, aparte de dar golpes contra algo o producirlos con la voz. Los raspadores consisten en peque\u00f1os fragmentos de huesos con muescas paralelas, que al frotarlas con otro utensilio, como una madera o p\u00faa, producen sonidos. Se hall\u00f3 un raspador de entre 50 000 y 40 000 a\u00f1os originario de Schulen (norte de B\u00e9lgica) y se ha descartado que estas marcas se hayan producido por alg\u00fan animal. Los raspadores son unos objetos muy conocidos y su distribuci\u00f3n es pr\u00e1cticamente mundial.<\/p>\n<p>Pero la colecci\u00f3n m\u00e1s espectacular de instrumentos musicales del Paleol\u00edtico Superior es la del yacimiento de Mezin o Mezhirich (Ucrania), en las casas de mamut, a\u00fan en la era glacial. Son instrumentos de percusi\u00f3n realizados con huesos de mamut decorados con ocre, tambi\u00e9n existe una casta\u00f1uela y dos maracas de marfil.<img loading=\"lazy\" decoding=\"async\" class=\"alignleft\" src=\"http:\/\/4.bp.blogspot.com\/-NM2xw5c7kaw\/UQv9sDLzacI\/AAAAAAAABmE\/MfqvBl2Ycm8\/s1600\/dosier94.jpg\" alt=\"Resultado de imagen de M\u00c3\u009aSICA EN LA PREHISTORIA caracolas\" width=\"261\" height=\"198\" \/><\/p>\n<p>Pero lo m\u00e1s cercano a nosotros, es sin duda el uso de las caracolas marinas. Se han encontrado en varios yacimientos y el soplar por ellas siempre ha tenido una funci\u00f3n ceremonial en muchos lugares del mundo, incluso su uso con este fin nos ha llegado hasta hoy. Los silbatos de cer\u00e1mica con un solo agujero (parecido a las ocarinas) y maracas de arcilla, as\u00ed como tambores se encuentran en un n\u00famero mayor a partir del Neol\u00edtico.<\/p>\n<p>En la prehistoria aparece la m\u00fasica en los rituales de caza o de guerra y en las fiestas donde, alrededor del fuego, se danzaba hasta el agotamiento. La m\u00fasica est\u00e1 basada principalmente en ritmos y movimientos que imitan a los animales. Las manifestaciones musicales del hombre consisten en la exteriorizaci\u00f3n de sus sentimientos a trav\u00e9s del sonido emanado de su propia voz y con el fin de distinguirlo del habla que utiliza para comunicarse con otros seres.<\/p>\n<h2><span style=\"text-decoration: underline;\">3.000 a.c<\/span><\/h2>\n<figure style=\"width: 172px\" class=\"wp-caption alignright\"><img loading=\"lazy\" decoding=\"async\" src=\"https:\/\/upload.wikimedia.org\/wikipedia\/commons\/thumb\/9\/93\/Sistrum_c_350_BC_Berlin.jpg\/220px-Sistrum_c_350_BC_Berlin.jpg\" alt=\"Resultado de imagen de sistro\" width=\"172\" height=\"281\" \/><figcaption class=\"wp-caption-text\"><strong>Sistro<\/strong><\/figcaption><\/figure>\n<p>En Sumeria ya contaban con instrumentos de percusi\u00f3n y cuerda (lira y arpa). Los cantos cultos antiguos eran m\u00e1s bien lamentaciones sobre textos po\u00e9ticos.En Mesopotamia los m\u00fasicos eran considerados personas de gran prestigio, acompa\u00f1aban al monarca no s\u00f3lo en los actos de culto, sino tambi\u00e9n en las suntuosas ceremonias de palacio y en las guerras. El arpa es uno de los instrumentos m\u00e1s apreciados en Mesopotamia. Cada una de las civilizaciones que tuvieron all\u00ed presencia dej\u00f3 su poso cultural y sus influencias musicales.<\/p>\n<p>La m\u00fasica en Egipto pose\u00eda avanzados conocimientos que eran reservados para los sacerdotes, en el Imperio Nuevo utilizaban ya la escala de siete sonidos. Este pueblo cont\u00f3 con instrumentario rico y variado, algunos de los m\u00e1s representativos son el arpa como instrumento de cuerda y el oboe doble como instrumento de viento. La m\u00fasica egipcia interven\u00eda en todas la etapas de la vida. Bailarinas y flautistas acompa\u00f1aban a los trabajadores en el campo o en las fiestas de vendimia. Particular relieve o desarrollo se dar\u00eda en los templos y ceremonias religiosas. Tambi\u00e9n se desarroll\u00f3 la m\u00fasica en el \u00e1mbito militar. Los instrumentos musicales que destacan en Egipto son: el arpa, la lira, el la\u00fad y el sistro. El sistro es un instrumento de percusi\u00f3n con un marco de madera en forma de U y unas barras met\u00e1licas. En los instrumentos de viento contaban con la flauta recta y la chirim\u00eda doble y adem\u00e1s en los desfiles militares se usaba la trompeta.<\/p>\n<h2><span style=\"text-decoration: underline;\">1500 a.c<\/span><\/h2>\n<p><strong>MUSICA GRIEGA<\/strong><\/p>\n<p>En la Antigua Grecia, la m\u00fasica se vio influida por todas las civilizaciones que la rodeaban, dada su importante posici\u00f3n estrat\u00e9gica. Culturas como la mesopot\u00e1mica, etrusca, egipcia o incluso las indoeuropeas fueron de importante influencia tanto en sus m\u00fasicas como en sus instrumentos musicales. Los griegos daban mucha importancia al valor educativo y moral de la m\u00fasica. Por ello est\u00e1 muy relacionada con el poema \u00e9pico. Aparecen los bardos o aedos que, acompa\u00f1ados de una lira, vagan de pueblo en pueblo mendigando y guardando memoria oral de la historia de Grecia y sus leyendas. Fue entonces cuando se relacion\u00f3 la m\u00fasica estrechamente con la filosof\u00eda. Los sabios de la \u00e9poca resaltan el valor cultural de la m\u00fasica.<\/p>\n<p>Posteriormente aparece en Atenas el ditirambo, cantos dirigidos a Dionisos, acompa\u00f1ados de danzas, y el aul\u00f3s, un instrumento parecido a la flauta. Surgen asimismo dramas, tragedias y comedias de una manera combinada pero sin perder la danza, la m\u00fasica y la poes\u00eda.<\/p>\n<p>Los principales instrumentos utilizados en Grecia fueron la lira, la c\u00edtara, el aul\u00f3s, la siringa (tambi\u00e9n llamada flauta de Pan, por su creaci\u00f3n mitol\u00f3gica que involucra a Pan y Siringa), varios tipos de tambores como por ejemplo el tympanon (siempre en manos de mujeres), el cr\u00f3talo, el c\u00edmbalo, el sistro y las casta\u00f1uelas.<\/p>\n<p><iframe loading=\"lazy\" title=\"M\u00fasica Griega Antigua (Music Of The Ancient World)\" width=\"500\" height=\"375\" src=\"https:\/\/www.youtube.com\/embed\/eBuV0l1H1rg?feature=oembed\" frameborder=\"0\" allow=\"accelerometer; autoplay; clipboard-write; encrypted-media; gyroscope; picture-in-picture; web-share\" referrerpolicy=\"strict-origin-when-cross-origin\" allowfullscreen><\/iframe><\/p>\n<h2><span style=\"text-decoration: underline;\">753 a.c<\/span><\/h2>\n<p><strong>MUSICA ROMANA<\/strong><\/p>\n<p>C\u00f3mo en muchas otras\u00a0 ramas del\u00a0 arte\u00a0 , los\u00a0 romanos no aportaron nada\u00a0 a\u00a0 la\u00a0 m\u00fasica\u00a0 griega\u00a0 salvo , la\u00a0 introducci\u00f3n del lat\u00edn en los cantos gregorianos. Eran muy valorados los m\u00fasicos virtuosos o famosos, a\u00f1adiendo vertientes humor\u00edsticas y distendidas a sus actuaciones. Estos m\u00fasicos viv\u00edan de una manera bohemia, rodeados siempre de fiestas.<\/p>\n<p>A partir de la fundaci\u00f3n de Roma sucede un hito musical, los ludiones. Estos eran unos actores de origen etrusco que bailaban al ritmo de la tibia (una especie de aul\u00f3s). Los romanos intentan imitar estos artes y a\u00f1aden el elemento de la m\u00fasica vocal. A estos nuevos artistas se les denomin\u00f3 histriones que significa bailarines en etrusco. Ninguna m\u00fasica de este estilo ha llegado hasta nosotros salvo un peque\u00f1o fragmento de una comedia de Terencio.<\/p>\n<p>Cuando el imperio romano se consolida, llega la inmigraci\u00f3n que enriquece considerablemente la cultura romana. Fueron relevantes las aportaciones de Siria, Egipto y las que proven\u00edan de la pen\u00ednsula ib\u00e9rica, actual Espa\u00f1a. Vuelven a aparecer antiguos estilos como la citarodia (versos con c\u00edtara) y la citar\u00edstica (c\u00edtara sola virtuosa). Eran habituales los cert\u00e1menes y competiciones en esta disciplina.<\/p>\n<p><iframe loading=\"lazy\" title=\"MUSICA EN LA ANTIGUA ROMA\" width=\"500\" height=\"375\" src=\"https:\/\/www.youtube.com\/embed\/heZvEmLvN04?feature=oembed\" frameborder=\"0\" allow=\"accelerometer; autoplay; clipboard-write; encrypted-media; gyroscope; picture-in-picture; web-share\" referrerpolicy=\"strict-origin-when-cross-origin\" allowfullscreen><\/iframe><\/p>\n","protected":false},"excerpt":{"rendered":"<p>50.000 a.c Se tiene constancia que los hombres prehistoricos comenzaron a comunicarse entre ellos con una forma muy primitiva de la m\u00fasica , a trav\u00e9s de la voz y instrumentos de percusi\u00f3n como palos , huesos y piedras. Estas canciones o himnos, estaban asociados\u00a0 a rituales m\u00edsticos o funerarios.Las evidencias son pocas, pero las existentes [&hellip;]<\/p>\n","protected":false},"author":1,"featured_media":0,"parent":0,"menu_order":0,"comment_status":"open","ping_status":"open","template":"","meta":{"footnotes":""},"class_list":["post-719","page","type-page","status-publish","hentry"],"_links":{"self":[{"href":"https:\/\/niktoris.es\/index.php?rest_route=\/wp\/v2\/pages\/719","targetHints":{"allow":["GET"]}}],"collection":[{"href":"https:\/\/niktoris.es\/index.php?rest_route=\/wp\/v2\/pages"}],"about":[{"href":"https:\/\/niktoris.es\/index.php?rest_route=\/wp\/v2\/types\/page"}],"author":[{"embeddable":true,"href":"https:\/\/niktoris.es\/index.php?rest_route=\/wp\/v2\/users\/1"}],"replies":[{"embeddable":true,"href":"https:\/\/niktoris.es\/index.php?rest_route=%2Fwp%2Fv2%2Fcomments&post=719"}],"version-history":[{"count":8,"href":"https:\/\/niktoris.es\/index.php?rest_route=\/wp\/v2\/pages\/719\/revisions"}],"predecessor-version":[{"id":2043,"href":"https:\/\/niktoris.es\/index.php?rest_route=\/wp\/v2\/pages\/719\/revisions\/2043"}],"wp:attachment":[{"href":"https:\/\/niktoris.es\/index.php?rest_route=%2Fwp%2Fv2%2Fmedia&parent=719"}],"curies":[{"name":"wp","href":"https:\/\/api.w.org\/{rel}","templated":true}]}}