{"id":23,"date":"2015-07-02T22:39:48","date_gmt":"2015-07-02T22:39:48","guid":{"rendered":"http:\/\/www.niktoris.es\/?page_id=23"},"modified":"2023-10-28T23:44:39","modified_gmt":"2023-10-28T21:44:39","slug":"evolucion","status":"publish","type":"page","link":"https:\/\/niktoris.es\/?page_id=23","title":{"rendered":"Evoluci\u00f3n"},"content":{"rendered":"<h2><span style=\"text-decoration: underline;\">EVOLUCI\u00d3N<\/span>\u00a0DE LA TIERRA<\/h2>\n<p><a href=\"http:\/\/www.niktoris.es\/wp-content\/uploads\/2015\/07\/bigbang2.jpg\"><img loading=\"lazy\" decoding=\"async\" class=\"aligncenter wp-image-59 \" src=\"http:\/\/www.niktoris.es\/wp-content\/uploads\/2015\/07\/bigbang2.jpg\" alt=\"bigbang2\" width=\"442\" height=\"434\" \/><\/a><\/p>\n<h4 style=\"text-align: center;\"><strong>12.000 Ma BIG BANG<\/strong><\/h4>\n<p><a href=\"http:\/\/www.niktoris.es\/wp-content\/uploads\/2015\/07\/estrellas.jpg\"><img loading=\"lazy\" decoding=\"async\" class=\"aligncenter wp-image-56 size-full\" src=\"http:\/\/www.niktoris.es\/wp-content\/uploads\/2015\/07\/estrellas.jpg\" alt=\"estrellas\" width=\"470\" height=\"300\" srcset=\"https:\/\/niktoris.es\/wp-content\/uploads\/2015\/07\/estrellas.jpg 470w, https:\/\/niktoris.es\/wp-content\/uploads\/2015\/07\/estrellas-420x268.jpg 420w\" sizes=\"auto, (max-width: 470px) 100vw, 470px\" \/><\/a><\/p>\n<h4 style=\"text-align: center;\">11.000 Ma LAS ESTRELLAS<\/h4>\n<p><a href=\"http:\/\/www.niktoris.es\/wp-content\/uploads\/2015\/07\/via-lactea.jpg\"><img loading=\"lazy\" decoding=\"async\" class=\"aligncenter wp-image-58\" src=\"http:\/\/www.niktoris.es\/wp-content\/uploads\/2015\/07\/via-lactea.jpg\" alt=\"via lactea\" width=\"466\" height=\"251\" \/><\/a><\/p>\n<h4 style=\"text-align: center;\">10.000 Ma LA V\u00cdA L\u00c1CTEA<\/h4>\n<p><a href=\"http:\/\/www.niktoris.es\/wp-content\/uploads\/2015\/07\/sol.jpg\"><img loading=\"lazy\" decoding=\"async\" class=\"aligncenter wp-image-57\" src=\"http:\/\/www.niktoris.es\/wp-content\/uploads\/2015\/07\/sol.jpg\" alt=\"sol\" width=\"466\" height=\"313\" \/><\/a><\/p>\n<h4 style=\"text-align: center;\">5.000 Ma EL SOL<\/h4>\n<p><a href=\"http:\/\/www.niktoris.es\/wp-content\/uploads\/2015\/07\/ss.jpg\"><img loading=\"lazy\" decoding=\"async\" class=\"aligncenter wp-image-101\" src=\"http:\/\/www.niktoris.es\/wp-content\/uploads\/2015\/07\/ss-744x494.jpg\" alt=\"ss\" width=\"464\" height=\"313\" \/><\/a><\/p>\n<h4 style=\"text-align: center;\">4.650 Ma EL SISTEMA SOLAR<\/h4>\n<p><a href=\"http:\/\/www.niktoris.es\/wp-content\/uploads\/2015\/07\/532a36586f7c5926250000fe_1395275618744_720.jpg\"><img loading=\"lazy\" decoding=\"async\" class=\"aligncenter wp-image-105\" src=\"http:\/\/www.niktoris.es\/wp-content\/uploads\/2015\/07\/532a36586f7c5926250000fe_1395275618744_720.jpg\" alt=\"532a36586f7c5926250000fe_1395275618744_720\" width=\"466\" height=\"472\" \/><\/a><\/p>\n<h4 style=\"text-align: center;\">LA TIERRA<\/h4>\n<p><a href=\"http:\/\/www.niktoris.es\/wp-content\/uploads\/2015\/07\/eon-hadico.jpg\"><img loading=\"lazy\" decoding=\"async\" class=\"aligncenter wp-image-120\" src=\"http:\/\/www.niktoris.es\/wp-content\/uploads\/2015\/07\/eon-hadico-744x590.jpg\" alt=\"eon hadico\" width=\"465\" height=\"372\" \/><\/a><\/p>\n<h4 style=\"text-align: center;\">E\u00d3N HADICO<\/h4>\n<p><a href=\"http:\/\/www.niktoris.es\/wp-content\/uploads\/2015\/07\/agua.jpg\"><img loading=\"lazy\" decoding=\"async\" class=\"aligncenter wp-image-123\" src=\"http:\/\/www.niktoris.es\/wp-content\/uploads\/2015\/07\/agua-744x558.jpg\" alt=\"agua\" width=\"466\" height=\"356\" \/><\/a><\/p>\n<h4 style=\"text-align: center;\">4.400 Ma EL AGUA<\/h4>\n<p><a href=\"http:\/\/www.niktoris.es\/wp-content\/uploads\/2015\/07\/bombardeo.jpg\"><img loading=\"lazy\" decoding=\"async\" class=\"aligncenter wp-image-124\" src=\"http:\/\/www.niktoris.es\/wp-content\/uploads\/2015\/07\/bombardeo.jpg\" alt=\"bombardeo\" width=\"418\" height=\"526\" srcset=\"https:\/\/niktoris.es\/wp-content\/uploads\/2015\/07\/bombardeo.jpg 489w, https:\/\/niktoris.es\/wp-content\/uploads\/2015\/07\/bombardeo-420x528.jpg 420w, https:\/\/niktoris.es\/wp-content\/uploads\/2015\/07\/bombardeo-477x600.jpg 477w\" sizes=\"auto, (max-width: 418px) 100vw, 418px\" \/><\/a><\/p>\n<h4 style=\"text-align: center;\">4.200 Ma BOMBARDEO INTENSO TARD\u00cdO<\/h4>\n<p><a href=\"http:\/\/www.niktoris.es\/wp-content\/uploads\/2015\/07\/isua-e1436266595520.jpg\"><img loading=\"lazy\" decoding=\"async\" class=\"aligncenter wp-image-131\" src=\"http:\/\/www.niktoris.es\/wp-content\/uploads\/2015\/07\/isua-e1436266595520.jpg\" alt=\"isua\" width=\"511\" height=\"290\" \/><\/a><\/p>\n<h4 style=\"text-align: center;\">4.000 Ma ERA EOARCAICA<\/h4>\n<p><a href=\"http:\/\/www.niktoris.es\/wp-content\/uploads\/2015\/07\/ROCAS.jpg\"><img loading=\"lazy\" decoding=\"async\" class=\"aligncenter wp-image-137\" src=\"http:\/\/www.niktoris.es\/wp-content\/uploads\/2015\/07\/ROCAS.jpg\" alt=\"ROCAS\" width=\"505\" height=\"330\" \/><\/a><\/p>\n<h4 style=\"text-align: center;\">3.800 Ma LAS ROCAS<\/h4>\n<p><a href=\"http:\/\/www.niktoris.es\/wp-content\/uploads\/2015\/07\/atmosfera.jpg\"><img loading=\"lazy\" decoding=\"async\" class=\"aligncenter wp-image-160\" src=\"http:\/\/www.niktoris.es\/wp-content\/uploads\/2015\/07\/atmosfera.jpg\" alt=\"atmosfera\" width=\"506\" height=\"354\" \/><\/a><\/p>\n<h4 style=\"text-align: center;\">3.700 Ma LA ATM\u00d3SFERA<\/h4>\n<p><a href=\"http:\/\/www.niktoris.es\/wp-content\/uploads\/2015\/07\/vaalbara2.jpg\"><img loading=\"lazy\" decoding=\"async\" class=\"aligncenter wp-image-174\" src=\"http:\/\/www.niktoris.es\/wp-content\/uploads\/2015\/07\/vaalbara2.jpg\" alt=\"vaalbara2\" width=\"508\" height=\"202\" \/><\/a><\/p>\n<h4 style=\"text-align: center;\">3.300 Ma VAALVARA<\/h4>\n<p><a href=\"http:\/\/www.niktoris.es\/wp-content\/uploads\/2015\/07\/ur.jpg\"><img loading=\"lazy\" decoding=\"async\" class=\"aligncenter wp-image-177\" src=\"http:\/\/www.niktoris.es\/wp-content\/uploads\/2015\/07\/ur-744x245.jpg\" alt=\"ur\" width=\"509\" height=\"183\" \/><\/a><\/p>\n<h4 style=\"text-align: center;\">3.000 Ma UR<\/h4>\n<p><a href=\"http:\/\/www.niktoris.es\/wp-content\/uploads\/2015\/07\/Kenorland.jpg\"><img loading=\"lazy\" decoding=\"async\" class=\"aligncenter wp-image-179\" src=\"http:\/\/www.niktoris.es\/wp-content\/uploads\/2015\/07\/Kenorland.jpg\" alt=\"Kenorland\" width=\"402\" height=\"405\" \/><\/a><\/p>\n<h4 style=\"text-align: center;\">2.700 Ma KENORLAND<\/h4>\n<p><a href=\"http:\/\/www.niktoris.es\/wp-content\/uploads\/2015\/07\/bif-1.jpg\"><img loading=\"lazy\" decoding=\"async\" class=\"aligncenter wp-image-199\" src=\"http:\/\/www.niktoris.es\/wp-content\/uploads\/2015\/07\/bif-1-744x496.jpg\" alt=\"bif-1\" width=\"476\" height=\"344\" \/><\/a><\/p>\n<h4 style=\"text-align: center;\">2.400 Ma LA GRAN OXIDACI\u00d3N<\/h4>\n<p><a href=\"http:\/\/www.niktoris.es\/wp-content\/uploads\/2015\/07\/glaciacion.jpg\"><img loading=\"lazy\" decoding=\"async\" class=\"aligncenter wp-image-202\" src=\"http:\/\/www.niktoris.es\/wp-content\/uploads\/2015\/07\/glaciacion.jpg\" alt=\"glaciacion\" width=\"474\" height=\"288\" \/><\/a><\/p>\n<h4 style=\"text-align: center;\">GLACIACI\u00d3N HURONIANA<\/h4>\n<p><a href=\"http:\/\/www.niktoris.es\/wp-content\/uploads\/2015\/07\/nena.jpg\"><img loading=\"lazy\" decoding=\"async\" class=\"aligncenter wp-image-244 size-full\" src=\"http:\/\/www.niktoris.es\/wp-content\/uploads\/2015\/07\/nena.jpg\" alt=\"nena\" width=\"309\" height=\"358\" \/><\/a><\/p>\n<h4 style=\"text-align: center;\">1.800 Ma NENA<\/h4>\n<p><a href=\"http:\/\/www.niktoris.es\/wp-content\/uploads\/2015\/07\/columbia.jpg\"><img loading=\"lazy\" decoding=\"async\" class=\"aligncenter wp-image-245\" src=\"http:\/\/www.niktoris.es\/wp-content\/uploads\/2015\/07\/columbia.jpg\" alt=\"columbia\" width=\"310\" height=\"404\" \/><\/a><\/p>\n<h4 style=\"text-align: center;\">COLUMBIA Y ATLANTICA<\/h4>\n<p><a href=\"http:\/\/www.niktoris.es\/wp-content\/uploads\/2015\/07\/image002.jpg\"><img loading=\"lazy\" decoding=\"async\" class=\"aligncenter wp-image-248\" src=\"http:\/\/www.niktoris.es\/wp-content\/uploads\/2015\/07\/image002.jpg\" alt=\"image002\" width=\"433\" height=\"436\" \/><\/a><\/p>\n<h4 style=\"text-align: center;\">1.600 Ma RODINIA<\/h4>\n<p><a href=\"http:\/\/www.niktoris.es\/wp-content\/uploads\/2015\/07\/image001.jpg\"><img loading=\"lazy\" decoding=\"async\" class=\"aligncenter wp-image-270 size-full\" src=\"http:\/\/www.niktoris.es\/wp-content\/uploads\/2015\/07\/image001.jpg\" alt=\"image001\" width=\"425\" height=\"355\" srcset=\"https:\/\/niktoris.es\/wp-content\/uploads\/2015\/07\/image001.jpg 425w, https:\/\/niktoris.es\/wp-content\/uploads\/2015\/07\/image001-420x351.jpg 420w\" sizes=\"auto, (max-width: 425px) 100vw, 425px\" \/><\/a><\/p>\n<h4 style=\"text-align: center;\">850 Ma PERIODO CRIOG\u00c9NICO<\/h4>\n<p><a href=\"http:\/\/www.niktoris.es\/wp-content\/uploads\/2015\/07\/pannotia-550ma-ago.jpg\"><img loading=\"lazy\" decoding=\"async\" class=\"aligncenter wp-image-276\" src=\"http:\/\/www.niktoris.es\/wp-content\/uploads\/2015\/07\/pannotia-550ma-ago.jpg\" alt=\"pannotia-550ma-ago\" width=\"420\" height=\"424\" \/><\/a><\/p>\n<h4 style=\"text-align: center;\">600 Ma PANNOTIA<\/h4>\n<p><img loading=\"lazy\" decoding=\"async\" class=\"aligncenter\" src=\"http:\/\/www.niktoris.es\/wp-content\/uploads\/2015\/08\/1229575526075_f.jpg\" alt=\"1229575526075_f\" width=\"559\" height=\"275\" \/><\/p>\n<h4 style=\"text-align: center;\">542 Ma ERA PALEOZOICA<\/h4>\n<p><img loading=\"lazy\" decoding=\"async\" class=\"aligncenter\" src=\"http:\/\/www.niktoris.es\/wp-content\/uploads\/2015\/08\/ordovicsea.gif\" alt=\"ordovicsea\" width=\"562\" height=\"347\" \/><\/p>\n<h4 style=\"text-align: center;\">488 Ma PERIODO ORDOV\u00edCICO<\/h4>\n<p><img loading=\"lazy\" decoding=\"async\" class=\"aligncenter\" src=\"https:\/\/www.meteorologiaenred.com\/wp-content\/uploads\/2020\/05\/epoca-del-paleozoico.jpg\" alt=\"Fauna del Sil\u00farico: caracter\u00edstica, evoluci\u00f3n y diversificaci\u00f3n | Meteorolog\u00eda en Red\" width=\"550\" height=\"407\" \/><\/p>\n<h4 style=\"text-align: center;\">443 Ma PERIODO SIL\u00daRICO<\/h4>\n<p><img loading=\"lazy\" decoding=\"async\" class=\"aligncenter\" src=\"https:\/\/upload.wikimedia.org\/wikipedia\/commons\/thumb\/e\/ee\/Cooksonia.png\/200px-Cooksonia.png\" alt=\"\" width=\"343\" height=\"458\" \/><\/p>\n<h4 style=\"text-align: center;\">423 Ma LAS PLANTAS TERRESTRES<\/h4>\n<p><img loading=\"lazy\" decoding=\"async\" class=\"aligncenter\" src=\"https:\/\/www.meteorologiaenred.com\/wp-content\/uploads\/2020\/01\/Desarrollo-del-Dev%C3%B3nico.jpg\" alt=\"Periodo Dev\u00f3nico: caracter\u00edsticas, geolog\u00eda, clima, fauna y flora |  Meteorolog\u00eda en Red\" width=\"516\" height=\"295\" \/><\/p>\n<h4 style=\"text-align: center;\">419 Ma PERIODO DEV\u00d3NICO<\/h4>\n<p><img loading=\"lazy\" decoding=\"async\" class=\"aligncenter\" src=\"https:\/\/upload.wikimedia.org\/wikipedia\/commons\/thumb\/2\/2f\/Devonianscene.jpg\/350px-Devonianscene.jpg\" alt=\"Dev\u00f3nico - Wikipedia, la enciclopedia libre\" width=\"536\" height=\"375\" \/><\/p>\n<h4 style=\"text-align: center;\">382 Ma LOS \u00c1RBOLES<\/h4>\n<p><img loading=\"lazy\" decoding=\"async\" class=\"aligncenter\" src=\"http:\/\/sapworker.files.wordpress.com\/2010\/11\/carbonifero.jpg\" alt=\"\" width=\"572\" height=\"365\" \/><\/p>\n<h4 style=\"text-align: center;\">359 Ma PERIODO CARBON\u00cdFERO<\/h4>\n<p><img decoding=\"async\" class=\"aligncenter\" src=\"https:\/\/static3.abc.es\/media\/ciencia\/2019\/02\/25\/ghfasdasf-k5lF--620x349@abc.jpg\" alt=\"Qu\u00e9 ocurrir\u00eda si desaparecieran los insectos?\" \/><\/p>\n<h4 style=\"text-align: center;\">323 Ma LOS INSECTOS<\/h4>\n<p><img loading=\"lazy\" decoding=\"async\" class=\"aligncenter\" src=\"http:\/\/4.bp.blogspot.com\/-MynMs4H8qjU\/UebtW1P4gKI\/AAAAAAAAbvY\/TivcPoUFyTo\/s1600\/pangea.jpg\" alt=\"\" width=\"618\" height=\"309\" \/><\/p>\n<h4 style=\"text-align: center;\">299 Ma PANGEA<\/h4>\n<p><img loading=\"lazy\" decoding=\"async\" class=\"aligncenter\" src=\"https:\/\/upload.wikimedia.org\/wikipedia\/commons\/2\/2c\/Extant_reptilia.jpg\" alt=\"Reptilia - Wikipedia, la enciclopedia libre\" width=\"617\" height=\"484\" \/><\/p>\n<h4 style=\"text-align: center;\">REPTILES<\/h4>\n<p><img loading=\"lazy\" decoding=\"async\" class=\"aligncenter\" src=\"https:\/\/upload.wikimedia.org\/wikipedia\/commons\/1\/1c\/Europasaurus_holgeri_Scene_2.jpg\" alt=\"Jur\u00e1sico - Wikipedia, la enciclopedia libre\" width=\"622\" height=\"466\" \/><\/p>\n<h4 style=\"text-align: center;\"><span style=\"color: #000000;\"><strong>199 Ma JUR\u00c1SICO<\/strong><\/span><\/h4>\n<p><img loading=\"lazy\" decoding=\"async\" class=\"aligncenter\" src=\"http:\/\/1.bp.blogspot.com\/-bhKF-UW14N0\/UVMySh0yX9I\/AAAAAAAAT_w\/IqrRnuT5P0A\/s1600\/wallpaper-363979.jpg\" alt=\"\" width=\"690\" height=\"388\" \/><\/p>\n<h4 style=\"text-align: center;\"><span style=\"color: #000000;\">145 Ma CRET\u00c1CICO<\/span><\/h4>\n<p><img loading=\"lazy\" decoding=\"async\" class=\"aligncenter\" src=\"https:\/\/www.hogarmania.com\/archivos\/202006\/plantas-flores-llamativas-1280x720x80xX.jpg\" alt=\"13 plantas con flores llamativas - Jardinatis\" width=\"694\" height=\"390\" \/><\/p>\n<p><img decoding=\"async\" class=\"aligncenter\" src=\"http:\/\/celestia.albacete.org\/imagenes\/deriva\/eras\/090t.jpg\" alt=\"\" \/><\/p>\n<h4 style=\"text-align: center;\"><span style=\"color: #000000;\">125 Ma PLANTAS CON FLOR<\/span><\/h4>\n<p><img loading=\"lazy\" decoding=\"async\" class=\"aligncenter\" src=\"https:\/\/media.admagazine.com\/photos\/644b88b2154ed7b822040126\/4:3\/w_3000,h_2250,c_limit\/plantas-con-flores.jpg\" alt=\"Plantas con flores: cu\u00e1les son y c\u00f3mo cuidarlas | Architectural Digest\" width=\"593\" height=\"445\" \/><\/p>\n<h4 style=\"text-align: center;\"><span style=\"color: #000000;\">65 Ma ERA CENOZOICA<\/span><\/h4>\n<p><img loading=\"lazy\" decoding=\"async\" class=\"aligncenter\" src=\"https:\/\/csociales.files.wordpress.com\/2012\/09\/fauna_megafauna_mastodonte.jpg\" alt=\"\" width=\"565\" height=\"353\" \/><\/p>\n<h4 style=\"text-align: center;\"><span style=\"color: #000000;\">55 Ma EOCENO<\/span><\/h4>\n<p><img loading=\"lazy\" decoding=\"async\" class=\"aligncenter\" src=\"http:\/\/vignette2.wikia.nocookie.net\/prehistrico\/images\/b\/bd\/Eoceno_1.gif\/revision\/latest?cb=20150723002729&amp;path-prefix=es\" alt=\"\" width=\"624\" height=\"312\" \/><\/p>\n<h4 style=\"text-align: center;\"><span style=\"color: #000000;\">33 Ma OLIGOCENO<\/span><\/h4>\n<hr \/>\n<hr \/>\n<blockquote>\n<h4>Si quieres ver mas evoluci\u00f3n en im\u00e1genes, mas especifica, mira en el men\u00fa de la derecha<\/h4>\n<\/blockquote>\n","protected":false},"excerpt":{"rendered":"<p>EVOLUCI\u00d3N\u00a0DE LA TIERRA 12.000 Ma BIG BANG 11.000 Ma LAS ESTRELLAS 10.000 Ma LA V\u00cdA L\u00c1CTEA 5.000 Ma EL SOL 4.650 Ma EL SISTEMA SOLAR LA TIERRA E\u00d3N HADICO 4.400 Ma EL AGUA 4.200 Ma BOMBARDEO INTENSO TARD\u00cdO 4.000 Ma ERA EOARCAICA 3.800 Ma LAS ROCAS 3.700 Ma LA ATM\u00d3SFERA 3.300 Ma VAALVARA 3.000 Ma [&hellip;]<\/p>\n","protected":false},"author":1,"featured_media":0,"parent":0,"menu_order":0,"comment_status":"open","ping_status":"open","template":"","meta":{"footnotes":""},"class_list":["post-23","page","type-page","status-publish","hentry"],"_links":{"self":[{"href":"https:\/\/niktoris.es\/index.php?rest_route=\/wp\/v2\/pages\/23","targetHints":{"allow":["GET"]}}],"collection":[{"href":"https:\/\/niktoris.es\/index.php?rest_route=\/wp\/v2\/pages"}],"about":[{"href":"https:\/\/niktoris.es\/index.php?rest_route=\/wp\/v2\/types\/page"}],"author":[{"embeddable":true,"href":"https:\/\/niktoris.es\/index.php?rest_route=\/wp\/v2\/users\/1"}],"replies":[{"embeddable":true,"href":"https:\/\/niktoris.es\/index.php?rest_route=%2Fwp%2Fv2%2Fcomments&post=23"}],"version-history":[{"count":26,"href":"https:\/\/niktoris.es\/index.php?rest_route=\/wp\/v2\/pages\/23\/revisions"}],"predecessor-version":[{"id":2038,"href":"https:\/\/niktoris.es\/index.php?rest_route=\/wp\/v2\/pages\/23\/revisions\/2038"}],"wp:attachment":[{"href":"https:\/\/niktoris.es\/index.php?rest_route=%2Fwp%2Fv2%2Fmedia&parent=23"}],"curies":[{"name":"wp","href":"https:\/\/api.w.org\/{rel}","templated":true}]}}