{"id":216,"date":"2015-07-12T19:00:08","date_gmt":"2015-07-12T19:00:08","guid":{"rendered":"http:\/\/www.niktoris.es\/?page_id=216"},"modified":"2024-11-03T12:58:19","modified_gmt":"2024-11-03T11:58:19","slug":"arte","status":"publish","type":"page","link":"https:\/\/niktoris.es\/?page_id=216","title":{"rendered":"Arte"},"content":{"rendered":"<h2 style=\"text-align: center;\"><strong><span style=\"text-decoration: underline; color: #000000;\">40.000 a.c<\/span><\/strong><\/h2>\n<p><span style=\"color: #000000;\"><strong>ARTE\u00a0<\/strong><b>PALEOL\u00cdTICO<\/b><\/span><\/p>\n<p><img loading=\"lazy\" decoding=\"async\" class=\"aligncenter\" src=\"https:\/\/evacuentalahistoriadeespana.files.wordpress.com\/2013\/04\/cuevasaltamira4.jpg\" width=\"446\" height=\"315\" \/><\/p>\n<p><img loading=\"lazy\" decoding=\"async\" class=\"aligncenter\" src=\"https:\/\/upload.wikimedia.org\/wikipedia\/commons\/8\/89\/Venus_de_Lespugue_%28replica%29.jpg\" alt=\"Venus de Lespugue - Wikipedia, la enciclopedia libre\" width=\"231\" height=\"231\" \/><\/p>\n<figure style=\"width: 525px\" class=\"wp-caption aligncenter\"><img loading=\"lazy\" decoding=\"async\" src=\"http:\/\/s4.thingpic.com\/images\/8G\/cqcEyjXSWCdtZJ3yLDtwq6q9.jpeg\" alt=\"Resultado de imagen de VENUS DE WILLENDORF\" width=\"525\" height=\"296\" \/><figcaption class=\"wp-caption-text\">VENUS DE WILLENDORF<\/figcaption><\/figure>\n<h2 style=\"text-align: center;\"><span style=\"text-decoration: underline;\"><strong>10.000 a.c<\/strong><\/span><\/h2>\n<p><strong>ARTE MESOL\u00cdTICO<\/strong><\/p>\n<p><img loading=\"lazy\" decoding=\"async\" class=\"aligncenter\" src=\"https:\/\/historiando.org\/wp-content\/uploads\/2018\/06\/Mesol%C3%ADtico.jpg\" alt=\"Mesol\u00edtico\" width=\"542\" height=\"305\" \/><\/p>\n<h2 style=\"text-align: center;\">3.000 a.C<\/h2>\n<p><strong>ARTE MINOICO<\/strong><\/p>\n<p><img loading=\"lazy\" decoding=\"async\" class=\"aligncenter\" src=\"https:\/\/crecientefertil.files.wordpress.com\/2013\/02\/arteminoico1.jpg?w=510&amp;h=225&amp;crop=1\" alt=\"Resultado de imagen de arte minoico\" width=\"467\" height=\"206\" \/><\/p>\n<p><strong>ARTE EGIPCIO<\/strong><\/p>\n<p><img loading=\"lazy\" decoding=\"async\" class=\"aligncenter\" src=\"http:\/\/1.bp.blogspot.com\/_sD9yQTE5QZQ\/TKsRn2xmuSI\/AAAAAAAAIrc\/e6vItcU1b3g\/s1600\/MICERINOS+TRIADA+1.jpg\" alt=\"Resultado de imagen de triada de micerinos\" width=\"262\" height=\"428\" \/><\/p>\n<p><img loading=\"lazy\" decoding=\"async\" class=\"aligncenter\" src=\"https:\/\/3.bp.blogspot.com\/-_XyDKgl9e4o\/WKckyw30jbI\/AAAAAAAAA-Q\/hHqUz53CEVE8huqj5jDiXb7qjTdfCoohQCLcB\/s1600\/Pyramids-of-Giza-Egypt.jpg\" alt=\"Resultado de imagen de arte egipcio\" width=\"474\" height=\"296\" \/><\/p>\n<h2 style=\"text-align: center;\"><span style=\"text-decoration: underline;\">1.800 a.c<\/span><\/h2>\n<p><strong>ARTE MESOPOT\u00c1MICO<\/strong><\/p>\n<p><img decoding=\"async\" class=\"aligncenter\" src=\"http:\/\/4.bp.blogspot.com\/_Ga1RQllu_6Y\/TSFQKFUQvXI\/AAAAAAAACCY\/y6ojzI9EkrM\/s320\/BurneyReliefQueen%2Bof%2Bthe%2Bnight.jpg\" \/><\/p>\n<h2 style=\"text-align: center;\"><span style=\"text-decoration: underline;\">1.500 a.c<\/span><\/h2>\n<p><strong>ARTE MICENICO<\/strong><\/p>\n<p><img loading=\"lazy\" decoding=\"async\" class=\"aligncenter\" src=\"https:\/\/upload.wikimedia.org\/wikipedia\/commons\/thumb\/9\/9b\/La_Dame_de_Myc%C3%A8nes%2C_fresco.jpg\/220px-La_Dame_de_Myc%C3%A8nes%2C_fresco.jpg\" alt=\"Resultado de imagen de ARTE MICENICO\" width=\"342\" height=\"263\" \/><\/p>\n<h2 style=\"text-align: center;\"><span style=\"text-decoration: underline;\">1.000 a.c<\/span><\/h2>\n<p><b>PERIODO GEOM\u00c9TRICO GRIEGO<\/b><\/p>\n<p><img loading=\"lazy\" decoding=\"async\" class=\"aligncenter\" src=\"https:\/\/upload.wikimedia.org\/wikipedia\/commons\/thumb\/3\/34\/Pyxis_geometric_BM_GR_1910-11-21-1.jpg\/1024px-Pyxis_geometric_BM_GR_1910-11-21-1.jpg\" width=\"369\" height=\"335\" \/><\/p>\n<h2 style=\"text-align: center;\"><span style=\"text-decoration: underline;\">900 a.c<\/span><\/h2>\n<p><strong>ETRUSCOS<\/strong><\/p>\n<p><img loading=\"lazy\" decoding=\"async\" class=\"aligncenter\" src=\"https:\/\/historia.nationalgeographic.com.es\/medio\/2019\/01\/30\/etruscos_f1b8e63e_1200x630.jpg\" alt=\"La civilizaci\u00f3n etrusca era aut\u00f3ctona&amp;quot;\" width=\"613\" height=\"322\" \/><\/p>\n<h2 style=\"text-align: center;\"><span style=\"text-decoration: underline;\"><strong>776 a.c<\/strong><\/span><\/h2>\n<p><strong>PERIODO ARCAICO GRIEGO<\/strong><\/p>\n<p><img loading=\"lazy\" decoding=\"async\" class=\"aligncenter\" src=\"https:\/\/1.bp.blogspot.com\/-YyNWJNNMAy8\/Vt8S2uhFb4I\/AAAAAAAABLs\/BbYUEiBghgk\/s1600\/kouros-anavyssos.jpg\" alt=\"Kouros de Anavyssos. Comentario y an\u00e1lisis\" width=\"276\" height=\"375\" \/><\/p>\n<h2 style=\"text-align: center;\"><span style=\"text-decoration: underline;\"><strong>700 a.c<\/strong><\/span><\/h2>\n<p><strong>CER\u00c1MICA CORINTIA<\/strong><\/p>\n<p><img loading=\"lazy\" decoding=\"async\" class=\"aligncenter\" src=\"https:\/\/upload.wikimedia.org\/wikipedia\/commons\/thumb\/3\/3b\/Calydonian_Hunt_Louvre_E612Bis.jpg\/220px-Calydonian_Hunt_Louvre_E612Bis.jpg\" alt=\"Cer\u00e1mica corintia - Wikiwand\" width=\"306\" height=\"291\" \/><\/p>\n<h2 style=\"text-align: center;\"><strong>550 a.c<\/strong><\/h2>\n<p><strong>ARTE GRIEGO<\/strong><\/p>\n<p><img loading=\"lazy\" decoding=\"async\" class=\"aligncenter\" src=\"https:\/\/upload.wikimedia.org\/wikipedia\/commons\/thumb\/3\/34\/Temple_of_Olympian_Zeus_%28Dec._2016%29.JPG\/400px-Temple_of_Olympian_Zeus_%28Dec._2016%29.JPG\" alt=\"Templo de Zeus Ol\u00edmpico (Atenas) - Wikipedia, la enciclopedia libre\" width=\"508\" height=\"286\" \/><\/p>\n<p><img loading=\"lazy\" decoding=\"async\" class=\"aligncenter\" src=\"http:\/\/farm9.staticflickr.com\/8068\/8204110836_f925658385_z.jpg\" alt=\"SE\u00d1OR DEL BIOMBO: LOS TIRANICIDAS DE KRITIAS. Una obra de transici\u00f3n\" width=\"353\" height=\"471\" \/><\/p>\n<p><img loading=\"lazy\" decoding=\"async\" class=\"aligncenter\" src=\"https:\/\/i.pinimg.com\/736x\/29\/f5\/2d\/29f52d47c5ff9b6d9dfdb2e44f176b5f--greek-paintings-black-figure.jpg\" alt=\"Pin page\" width=\"309\" height=\"329\" \/><\/p>\n<h2 style=\"text-align: center;\"><strong>400 A.C<\/strong><\/h2>\n<p><strong>ARTE ROMANO<\/strong><\/p>\n<p><img loading=\"lazy\" decoding=\"async\" class=\"aligncenter\" src=\"https:\/\/static.educalingo.com\/img\/es\/800\/anfiteatro.jpg\" alt=\"ANFITEATRO - Definici\u00f3n y sin\u00f3nimos de anfiteatro en el diccionario espa\u00f1ol\" width=\"509\" height=\"299\" \/><\/p>\n<p><img loading=\"lazy\" decoding=\"async\" class=\"aligncenter\" src=\"http:\/\/2.bp.blogspot.com\/-SQjmHqGpHGo\/VLI5Zv4C5ZI\/AAAAAAAAQKg\/jcc6La-rDCs\/s1600\/ROMA%2Bfrescos%2Bconservados%2Ben%2Blas%2Bvillas%2Bde%2BPompeya.jpg\" alt=\"TUS CIENCIAS SOCIALES: PINTURA ROMANA Y ARTES DECORATIVAS. MOSAICOS\" width=\"506\" height=\"284\" \/><\/p>\n<p><img loading=\"lazy\" decoding=\"async\" class=\"aligncenter\" src=\"https:\/\/1.bp.blogspot.com\/-mY_fR6LXswI\/VXnUkC3jYUI\/AAAAAAAACbY\/m489VQOlvGU\/s1600\/7.JPG\" alt=\"Augusto: Los Juegos Seculares\" width=\"505\" height=\"379\" \/><\/p>\n<p><strong>ARTE PALEOCRISTIANO<\/strong><\/p>\n<p><img loading=\"lazy\" decoding=\"async\" class=\"aligncenter\" src=\"https:\/\/www.lifeder.com\/wp-content\/uploads\/2018\/06\/Mausoleo-de-Gala-Placidia.jpg\" alt=\"Arquitectura paleocristiana: origen, caracter\u00edsticas, obras representativas\" width=\"494\" height=\"329\" \/><\/p>\n<p>&nbsp;<\/p>\n<p><img loading=\"lazy\" decoding=\"async\" class=\"aligncenter\" src=\"https:\/\/upload.wikimedia.org\/wikipedia\/commons\/thumb\/6\/61\/Healing_of_a_bleeding_women_Marcellinus-Peter-Catacomb.jpg\/220px-Healing_of_a_bleeding_women_Marcellinus-Peter-Catacomb.jpg\" width=\"262\" height=\"349\" \/><\/p>\n<p>&nbsp;<\/p>\n<p><img loading=\"lazy\" decoding=\"async\" class=\"aligncenter\" src=\"https:\/\/blogger.googleusercontent.com\/img\/b\/R29vZ2xl\/AVvXsEg_7-BGlSP_GTJvoM2xAvBzyj8xs1aFLpgCEUmL39vUPzAkbYAUcgSSwGj6PWEVlB1VoUzDYYPekimJMvmF59daCm9T2wJLFFNFbujdSAuO2yhOcRvXW5grK652cGIWZPP57usvKuuZy6eu\/s1600\/Sarco%CC%81fago+junius+Bassus.jpg\" alt=\"NO HAY L\u00edNEAS EN EL CIELO: ARTE PALEOCRISTIANO: ESCULTURA Y PINTURA\" width=\"485\" height=\"364\" \/><\/p>\n","protected":false},"excerpt":{"rendered":"<p>40.000 a.c ARTE\u00a0PALEOL\u00cdTICO 10.000 a.c ARTE MESOL\u00cdTICO 3.000 a.C ARTE MINOICO ARTE EGIPCIO 1.800 a.c ARTE MESOPOT\u00c1MICO 1.500 a.c ARTE MICENICO 1.000 a.c PERIODO GEOM\u00c9TRICO GRIEGO 900 a.c ETRUSCOS 776 a.c PERIODO ARCAICO GRIEGO 700 a.c CER\u00c1MICA CORINTIA 550 a.c ARTE GRIEGO 400 A.C ARTE ROMANO ARTE PALEOCRISTIANO &nbsp; &nbsp;<\/p>\n","protected":false},"author":1,"featured_media":0,"parent":0,"menu_order":0,"comment_status":"open","ping_status":"open","template":"","meta":{"footnotes":""},"class_list":["post-216","page","type-page","status-publish","hentry"],"_links":{"self":[{"href":"https:\/\/niktoris.es\/index.php?rest_route=\/wp\/v2\/pages\/216","targetHints":{"allow":["GET"]}}],"collection":[{"href":"https:\/\/niktoris.es\/index.php?rest_route=\/wp\/v2\/pages"}],"about":[{"href":"https:\/\/niktoris.es\/index.php?rest_route=\/wp\/v2\/types\/page"}],"author":[{"embeddable":true,"href":"https:\/\/niktoris.es\/index.php?rest_route=\/wp\/v2\/users\/1"}],"replies":[{"embeddable":true,"href":"https:\/\/niktoris.es\/index.php?rest_route=%2Fwp%2Fv2%2Fcomments&post=216"}],"version-history":[{"count":31,"href":"https:\/\/niktoris.es\/index.php?rest_route=\/wp\/v2\/pages\/216\/revisions"}],"predecessor-version":[{"id":2201,"href":"https:\/\/niktoris.es\/index.php?rest_route=\/wp\/v2\/pages\/216\/revisions\/2201"}],"wp:attachment":[{"href":"https:\/\/niktoris.es\/index.php?rest_route=%2Fwp%2Fv2%2Fmedia&parent=216"}],"curies":[{"name":"wp","href":"https:\/\/api.w.org\/{rel}","templated":true}]}}