{"id":1783,"date":"2022-11-07T19:00:47","date_gmt":"2022-11-07T18:00:47","guid":{"rendered":"http:\/\/www.niktoris.es\/?page_id=1783"},"modified":"2023-10-28T23:39:06","modified_gmt":"2023-10-28T21:39:06","slug":"cocina-historica","status":"publish","type":"page","link":"https:\/\/niktoris.es\/?page_id=1783","title":{"rendered":"Cocina hist\u00f3rica"},"content":{"rendered":"<h2>530.000 a.c<\/h2>\n<p>Los primeros\u00a0 humanos se alimentaban de la caza, la cual consum\u00edan cruda\u00a0 y vegetales crudos que\u00a0 iban recolectando a su\u00a0 paso.<\/p>\n<p><img loading=\"lazy\" decoding=\"async\" class=\"alignleft\" src=\"https:\/\/assets.sutori.com\/user-uploads\/image\/fc2ba135-26bc-419b-8e37-75493464cf80\/e8a67a82fc9a908005fad7388a8508b7.jpeg\" alt=\"PALEOL\u00cdTICO | Sutori\" width=\"401\" height=\"282\" \/><\/p>\n<p>Sin duda\u00a0 el\u00a0 origen de la\u00a0 gastronom\u00eda\u00a0 fue\u00a0 el descubrimiento del\u00a0 fuego\u00a0 y la\u00a0 posibilidad de\u00a0 cocer los\u00a0 alimentos.\u00a0 Otros\u00a0 factores\u00a0 como la\u00a0 agricultura, la caza\u00a0 y la pesca\u00a0 fueron los\u00a0 pilares\u00a0 de la\u00a0 cocina que\u00a0 conocemos en\u00a0 nuestros\u00a0 d\u00edas. Est\u00e1 demostrado que gracias al procesamiento de los alimentos el hombre procesa mejor las prote\u00ednas, lo que hace que su cerebro comience a funcionar mejor y haga que evolucione.<\/p>\n<p>Aunque es dif\u00edcil establecerlo con precisi\u00f3n, parece ser que los primeros hom\u00ednidos eran m\u00e1s bien carro\u00f1eros y estar\u00edan al acecho de restos dejados por felinos. Probablemente, el Homo neanderthalensis (hace 230 000-40 000 a\u00f1os) se dedicar\u00eda ya a la caza, aunque segu\u00eda siendo carro\u00f1ero y se dedicar\u00eda tambi\u00e9n a la recolecci\u00f3n de ra\u00edces, tub\u00e9rculos, semillas, bayas, setas y frutas, as\u00ed como la pesca, actividades que practic\u00f3 igualmente el primer Homo sapiens.<\/p>\n<p>La caza aportaba comida, pero tambi\u00e9n pieles para cubrir el cuerpo de las inclemencias del tiempo. Los principales animales que cazaba el ser humano del Paleol\u00edtico eran mamuts, bisontes, renos, caballos y vacunos salvajes, pero tambi\u00e9n com\u00eda peque\u00f1os animales como roedores, serpientes y lagartijas, o bien caracoles y gusanos. Para ello se desarrollaron diversos instrumentos, como la lanza, el arco y las flechas para cazar, o el anzuelo y los arpones para pescar.<\/p>\n<p>El h\u00e1bitat marino era tambi\u00e9n una fuente de abundantes alimentos: peces, moluscos, crust\u00e1ceos, mam\u00edferos marinos, algas, y otros. En estos entornos, las comunidades humanas pod\u00edan ser m\u00e1s sedentarias, con peque\u00f1os establecimientos en costas, estuarios o r\u00edos.<\/p>\n<h2>10.000 a.c<\/h2>\n<p><img loading=\"lazy\" decoding=\"async\" class=\"alignleft\" src=\"https:\/\/imag.bonviveur.com\/hogaza-de-pan-casero.jpg\" alt=\"Pan integral casero f\u00e1cil de hacer y muy saludable\" width=\"385\" height=\"255\" \/>En el neol\u00edtico, el cultivo de vegetales comestibles se desarroll\u00f3 de forma paralela en diversos lugares del mundo, con unos focos principales en el Oriente Pr\u00f3ximo (Mesopotamia y Egipto), la India (cauces del Indo y el Ganges), China (r\u00edo Amarillo) y Am\u00e9rica central. En Oriente Pr\u00f3ximo se empez\u00f3 a cultivar hace unos 10 000 a\u00f1os el trigo y la cebada; en China, hace 8000 a\u00f1os, el arroz; y en Mesoam\u00e9rica, por las mismas fechas, el ma\u00edz y los frijoles. Dentro del mismo espectro cronol\u00f3gico aparecieron la patata en los Andes y el sorgo en el \u00c1frica subsahariana.\u200b En el sudeste asi\u00e1tico (Tailandia, Birmania) se cultivaban productos como la casta\u00f1a, el mel\u00f3n y el pepino en el x milenio a.c.<\/p>\n<p>Con los\u00a0 cereales se confeccionaba el pan, uno de los alimentos m\u00e1s b\u00e1sicos de la humanidad, elaborado con harina de cereal, agua y sal, con los que se confeccionaba una masa que luego se coc\u00eda u horneaba. Frecuentemente se a\u00f1ad\u00eda levadura para hacerlo m\u00e1s esponjoso y tierno; en caso de no llevar, se le denomina pan \u00e1cimo. Tambi\u00e9n pod\u00eda llevar otros ingredientes adicionales. Adem\u00e1s de los cereales, se cultivaban vegetales como la col, el haba, la lenteja, el guisante, el garbanzo, la cebolla y otros. Tambi\u00e9n frutales como el manzano, el peral, la higuera, el ciruelo, el cerezo, el almendro, el granado, la datilera, etc. Otros cultivos importantes fueron el olivo, que proporcionaba aceitunas, de las que se extra\u00eda el aceite; y la vid, que daba uvas y, de estas, el vino. Cabe se\u00f1alar que tambi\u00e9n se consum\u00edan vegetales silvestres, algunos de los cuales no se empezaron a cultivar hasta mucho m\u00e1s tarde: las espinacas, por ejemplo, no se cultivaron hasta el siglo XIII.<\/p>\n<p><strong>Caldo av\u00e1\u00bb -Sopa de hombre-<\/strong><br \/>\ncaldo de menudencias vacunas y verduras<\/p>\n<p>Ingredientes para un batall\u00f3n de fam\u00e9licos:<br \/>\n&#8211; \u0153 kg de rabo de vaca<br \/>\n&#8211; \u0153 Kg. De entra\u00f1a gruesa de vaca<br \/>\n&#8211; 1 seso de vaca<br \/>\n&#8211; 1 coraz\u00f3n de vaca<br \/>\n&#8211; 1 lengua de vaca<br \/>\n&#8211; 1\/2 Kg. de h\u00edgado de vaca<br \/>\n&#8211; 1\/2 Kg. de ri\u00f1\u00f3n de vaca<br \/>\n&#8211; 1\/2 Kg. de molleja de vaca<br \/>\n&#8211; 1\/2 Kg. de nuez de quijada de vaca<br \/>\n&#8211; 1\/2 Kg. de mondongo<br \/>\n&#8211; 1\/2 Kg. de redecilla<br \/>\n&#8211; 1\/2 Kg. de librillo<br \/>\n&#8211; 1\/2 Kg. de cuajo<br \/>\n&#8211; 1\/2 Kg. de baso, aorta y tendones<br \/>\n&#8211; 1\/2 Kg. de chinchulines de vaca (tripas)<br \/>\n&#8211; 1\/2 Kg. de zanahoria<br \/>\n&#8211; \u0153 Kg. de zapallo<br \/>\n&#8211; 1\/2 Kg. de papa (patata)<br \/>\n&#8211; 1\/2 Kg. de batata (bo\u00f1ato, patata dulce)<br \/>\n&#8211; 1\/2 Kg. de aj\u00ed morr\u00f3n (aj\u00ed dulce ? locote)<br \/>\n&#8211; 1\/2 Kg. de cebolla<br \/>\n&#8211; 1 cabeza de ajo<br \/>\n&#8211; 1\/2 Kg. de acelga<br \/>\n&#8211; 2 plantas de ajo porro (puerro)<br \/>\n&#8211; 4 plantas de cebolla de verdeo<br \/>\n&#8211; 2 tazas de ma\u00edz desgranado (choclo-elote-jojoto)<br \/>\n&#8211; 2 tazas de porotos (colorados, blancos, negros) a gusto (jud\u00edas ?fr\u00edjol-feij\u00f3o)<br \/>\n&#8211; 2 aj\u00ed picantes (chili \/ guindilla \/ hot pepper)<br \/>\n&#8211; sal<\/p>\n<p>Procedimiento:<\/p>\n<p>Lavar bien todos los ingredientes y cortarlos en trozos peque\u00f1os, colocarlos en una olla ?bien grande? (tipo del ej\u00e9rcito) con abundante agua fr\u00eda. Hacer hervir durante varias horas, hasta que todo se deshaga (o casi se desintegre, ya que parte de las carnes permanecer\u00e1n enteras), debe quedar un caldo espeso pero muy jugoso.<br \/>\nSe sirve con mandioca (yuca) o patata hervida.<\/p>\n<p><strong>Carne seca de mamut, de bisonte, de rebeco o de<\/strong><br \/>\n<strong>cualquier mam\u00edfero<\/strong><br \/>\nIngredientes<br \/>\n\u2022 Carne a trozos<br \/>\n\u2022 Sal<br \/>\nPreparaci\u00f3n:<br \/>\nSe pon\u00eda la carne bien empapada de sal en un ca\u00f1izo para que se airease y bien perforada para que se evaporase mejor y para que entrase mejor la sal. Cada d\u00eda se le cambiaba la posici\u00f3n para que se secase mejor.<br \/>\nEl proceso de secar la carne pod\u00eda durar d\u00edas, semanas, meses y hasta a\u00f1os. S\u00f3lo se pod\u00eda secar la carne en lugares con clima de estaci\u00f3n seca y fresca, dando como resultado una comida con mucho valor nutricional.<br \/>\nUna vez seca la carne, se guardaba colgada o se llevaba en bolsas de cuero.<\/p>\n<p><strong>Tortitas de trigo con miel<\/strong><br \/>\nIngredientes<br \/>\n\u2022 Trigo molido<br \/>\n\u2022 Miel<br \/>\nPreparaci\u00f3n:<br \/>\nSe mezclaba el trigo molido con agua hasta obtener una pasta. Se le daba forma redonda y se coc\u00eda en las brasas. Despu\u00e9s se le a\u00f1ad\u00eda la miel por encima.<\/p>\n<p><strong>Trucha del \u00c9sera rellena con avellanas molidas y envuelta con hoja de nogal<\/strong><br \/>\nIngredientes<br \/>\n\u2022 Tres truchas del \u00c9sera<br \/>\n\u2022 Avellanas trituradas con una piedra<br \/>\nPreparaci\u00f3n:<br \/>\nSe limpiaban las truchas y se les rellenaba la tripa con las avellanas. Se envolv\u00edan en la hoja de nogal y se pon\u00edan en la brasa hasta que se coc\u00edan.<\/p>\n<p class=\"spip\">\n<div class=\"recette_etape_numero\">\n<div>\n<\/div>\n<\/div>\n","protected":false},"excerpt":{"rendered":"<p>530.000 a.c Los primeros\u00a0 humanos se alimentaban de la caza, la cual consum\u00edan cruda\u00a0 y vegetales crudos que\u00a0 iban recolectando a su\u00a0 paso. Sin duda\u00a0 el\u00a0 origen de la\u00a0 gastronom\u00eda\u00a0 fue\u00a0 el descubrimiento del\u00a0 fuego\u00a0 y la\u00a0 posibilidad de\u00a0 cocer los\u00a0 alimentos.\u00a0 Otros\u00a0 factores\u00a0 como la\u00a0 agricultura, la caza\u00a0 y la pesca\u00a0 fueron los\u00a0 pilares\u00a0 [&hellip;]<\/p>\n","protected":false},"author":1,"featured_media":0,"parent":0,"menu_order":0,"comment_status":"open","ping_status":"open","template":"","meta":{"footnotes":""},"class_list":["post-1783","page","type-page","status-publish","hentry"],"_links":{"self":[{"href":"https:\/\/niktoris.es\/index.php?rest_route=\/wp\/v2\/pages\/1783","targetHints":{"allow":["GET"]}}],"collection":[{"href":"https:\/\/niktoris.es\/index.php?rest_route=\/wp\/v2\/pages"}],"about":[{"href":"https:\/\/niktoris.es\/index.php?rest_route=\/wp\/v2\/types\/page"}],"author":[{"embeddable":true,"href":"https:\/\/niktoris.es\/index.php?rest_route=\/wp\/v2\/users\/1"}],"replies":[{"embeddable":true,"href":"https:\/\/niktoris.es\/index.php?rest_route=%2Fwp%2Fv2%2Fcomments&post=1783"}],"version-history":[{"count":20,"href":"https:\/\/niktoris.es\/index.php?rest_route=\/wp\/v2\/pages\/1783\/revisions"}],"predecessor-version":[{"id":2036,"href":"https:\/\/niktoris.es\/index.php?rest_route=\/wp\/v2\/pages\/1783\/revisions\/2036"}],"wp:attachment":[{"href":"https:\/\/niktoris.es\/index.php?rest_route=%2Fwp%2Fv2%2Fmedia&parent=1783"}],"curies":[{"name":"wp","href":"https:\/\/api.w.org\/{rel}","templated":true}]}}